{"id":455,"date":"2025-04-24T10:33:39","date_gmt":"2025-04-24T08:33:39","guid":{"rendered":"https:\/\/lottechnology.com\/?page_id=455"},"modified":"2026-02-17T18:09:44","modified_gmt":"2026-02-17T16:09:44","slug":"solutions","status":"publish","type":"page","link":"https:\/\/lottechnology.com\/en\/solutions\/","title":{"rendered":"Solutions"},"content":{"rendered":"<div data-elementor-type=\"wp-page\" data-elementor-id=\"455\" class=\"elementor elementor-455\">\n\t\t\t\t\t\t<section class=\"elementor-section elementor-top-section elementor-element elementor-element-966a4c8 elementor-section-full_width elementor-section-stretched elementor-section-height-default elementor-section-height-default\" data-id=\"966a4c8\" data-element_type=\"section\" data-e-type=\"section\" data-settings=\"{&quot;stretch_section&quot;:&quot;section-stretched&quot;}\">\n\t\t\t\t\t\t<div class=\"elementor-container elementor-column-gap-default\">\n\t\t\t\t\t<div class=\"elementor-column elementor-col-100 elementor-top-column elementor-element elementor-element-1e23a47\" data-id=\"1e23a47\" data-element_type=\"column\" data-e-type=\"column\">\n\t\t\t<div class=\"elementor-widget-wrap elementor-element-populated\">\n\t\t\t\t\t\t<div class=\"elementor-element elementor-element-261686d elementor-widget elementor-widget-html\" data-id=\"261686d\" data-element_type=\"widget\" data-e-type=\"widget\" data-widget_type=\"html.default\">\n\t\t\t\t<div class=\"elementor-widget-container\">\n\t\t\t\t\t<div class=\"lottech-page\">\r\n  <div class=\"grid-bg\"><\/div>\r\n\r\n  <nav id=\"navbar\" aria-label=\"Main Navigation\">\r\n    <div class=\"nav-container\">\r\n      <a href=\"\/en\/\" class=\"logo\" aria-label=\"Go to home\">\r\n        <div class=\"logo-text\">LOT<span class=\"logo-tech\">TECHNOLOGY<\/span><\/div>\r\n      <\/a>\r\n      <ul class=\"nav-links\">\r\n        <li><a href=\"\/en\/#accueil\">Home<\/a><\/li>\r\n        <li><a href=\"\/en\/services\/\">Services<\/a><\/li>\r\n        <li><a href=\"\/en\/solutions\/\">Solutions<\/a><\/li>\r\n        <li><a href=\"\/en\/contact\/\">Contact<\/a><\/li>\r\n      <\/ul>\r\n    <\/div>\r\n  <\/nav>\r\n\r\n  <section class=\"page-hero\" id=\"top\">\r\n    <div class=\"page-hero-content\">\r\n      <span class=\"section-tag\">SOLUTIONS<\/span>\r\n      <h1 class=\"page-title\">Industry 4.0 <span class=\"gradient-text\">pragmatique !<\/span><\/h1>\r\n      <p class=\"page-subtitle\">\r\n        Am\u00e9liorer productivit\u00e9, qualit\u00e9 et tra\u00e7abilit\u00e9 avec des solutions int\u00e9gr\u00e9es \u00e0 vos contraintes r\u00e9elles.\r\n      <\/p>\r\n    <\/div>\r\n  <\/section>\r\n\r\n  <section class=\"solutions\" id=\"solutions\">\r\n    <div class=\"section-header\">\r\n      <span class=\"section-tag\">VALEUR<\/span>\r\n      <h2 class=\"section-title\">Solutions <span class=\"gradient-text\">\u00e0 impact<\/span><\/h2>\r\n      <p class=\"section-subtitle\">Des gains mesurables, sans complexit\u00e9 inutile.<\/p>\r\n    <\/div>\r\n\r\n    <div class=\"solutions-grid\">\r\n      <div class=\"solution-card\">\r\n        <div class=\"solution-number\">1.0<\/div>\r\n        <div class=\"solution-content\">\r\n          <h3>Productivity<\/h3>\r\n          <p>R\u00e9duction des temps de cycle, standardisation, mont\u00e9e en comp\u00e9tence.<\/p>\r\n        <\/div>\r\n      <\/div>\r\n\r\n      <div class=\"solution-card\">\r\n        <div class=\"solution-number\">2.0<\/div>\r\n        <div class=\"solution-content\">\r\n          <h3>Quality<\/h3>\r\n          <p>Contr\u00f4le en ligne, r\u00e9duction des non-conformit\u00e9s, r\u00e9p\u00e9tabilit\u00e9.<\/p>\r\n        <\/div>\r\n      <\/div>\r\n\r\n      <div class=\"solution-card\">\r\n        <div class=\"solution-number\">3.0<\/div>\r\n        <div class=\"solution-content\">\r\n          <h3>Traceability<\/h3>\r\n          <p>Historique des mesures, preuves qualit\u00e9, auditabilit\u00e9.<\/p>\r\n        <\/div>\r\n      <\/div>\r\n\r\n      <div class=\"solution-card\">\r\n        <div class=\"solution-number\">4.0<\/div>\r\n        <div class=\"solution-content\">\r\n          <h3>Synergy<\/h3>\r\n          <p>Visibilit\u00e9 atelier, communication, r\u00e9duction des erreurs humaines.<\/p>\r\n        <\/div>\r\n      <\/div>\r\n    <\/div>\r\n  <\/section>\r\n\r\n  <!-- =========================\r\n       NOUVELLE SECTION : NC-INSPECT\r\n       (\u00e0 l'identique du style clair industriel)\r\n  ========================== -->\r\n  <section class=\"solutions ncinspect-section\" id=\"nc-inspect\">\r\n    <div class=\"section-header\">\r\n      <span class=\"section-tag\">NC-INSPECT<\/span>\r\n      <h2 class=\"section-title\">NC-Inspect \u2014 Contr\u00f4le <span class=\"gradient-text\">embarqu\u00e9<\/span> sur machine<\/h2>\r\n      <p class=\"section-subtitle\">\r\n          Inspection, mesure et prise de d\u00e9cision directement au c\u0153ur de la production.\r\nSans d\u00e9montage. Sans interruption de flux.\r\nDu contr\u00f4le des pi\u00e8ces fournisseurs en passant par la machine-outil, jusqu\u2019\u00e0 la validation finale des pi\u00e8ces fabriqu\u00e9es.\r\nNC-INSPECT, est votre solution \u00e9vidente pour atteindre l\u2019excellence op\u00e9rationnelle.\r\n      <\/p>\r\n    <\/div>\r\n\r\n    <div class=\"ncinspect-layout\">\r\n\r\n      <!-- VISUEL sch\u00e9ma + curseur -->\r\n      <div class=\"ncinspect-visual\" aria-label=\"Sch\u00e9ma NC-Inspect\">\r\n        <div class=\"nci-panel\">\r\n\r\n          <div class=\"nci-topline\">\r\n            <div class=\"nci-pill\">CAD \u2192 Vision \u2192 AR \u2192 D\u00e9cision<\/div>\r\n            <div class=\"nci-topnote\">Contr\u00f4le en machine, quasi temps r\u00e9el<\/div>\r\n          <\/div>\r\n\r\n          <div class=\"nci-board\">\r\n            <!-- colonne \u00e9tapes -->\r\n            <div class=\"nci-steps\" role=\"list\" aria-label=\"\u00c9tapes NC-Inspect\">\r\n              <div class=\"nci-step is-active\" data-step=\"1\" role=\"listitem\">\r\n                <div class=\"nci-step-n\">01<\/div>\r\n                <div class=\"nci-step-t\">\r\n                  <div class=\"nci-step-title\">Mod\u00e8le CAO<\/div>\r\n                  <div class=\"nci-step-sub\">R\u00e9f\u00e9rence g\u00e9om\u00e9trique<\/div>\r\n                <\/div>\r\n              <\/div>\r\n\r\n              <div class=\"nci-step\" data-step=\"2\" role=\"listitem\">\r\n                <div class=\"nci-step-n\">02<\/div>\r\n                <div class=\"nci-step-t\">\r\n                  <div class=\"nci-step-title\">Image cam\u00e9ra<\/div>\r\n                  <div class=\"nci-step-sub\">Acquisition en machine<\/div>\r\n                <\/div>\r\n              <\/div>\r\n\r\n              <div class=\"nci-step\" data-step=\"3\" role=\"listitem\">\r\n                <div class=\"nci-step-n\">03<\/div>\r\n                <div class=\"nci-step-t\">\r\n                  <div class=\"nci-step-title\">Superposition AR<\/div>\r\n                  <div class=\"nci-step-sub\">Comparaison pr\u00e9cise CAO \/ r\u00e9el<\/div>\r\n                <\/div>\r\n              <\/div>\r\n\r\n              <div class=\"nci-step\" data-step=\"4\" role=\"listitem\">\r\n                <div class=\"nci-step-n\">04<\/div>\r\n                <div class=\"nci-step-t\">\r\n                  <div class=\"nci-step-title\">D\u00e9cision + rapport<\/div>\r\n                  <div class=\"nci-step-sub\">OK \/ NOK + degr\u00e9 de d\u00e9calage<\/div>\r\n                <\/div>\r\n              <\/div>\r\n            <\/div>\r\n\r\n            <!-- zone image\/illustration (remplace l'image par la tienne si tu veux) -->\r\n            <div class=\"nci-stage\" aria-label=\"Aper\u00e7u inspection\">\r\n<div class=\"nci-stage-media\">\r\n  <video\r\n    class=\"nci-video\"\r\n    autoplay\r\n muted\r\n loop\r\n playsinline\r\n preload=\"metadata\"\r\n    poster=\"https:\/\/mlzccitntbtf.i.optimole.com\/w:auto\/h:auto\/q:mauto\/ig:avif\/https:\/\/lottechnology.com\/wp-content\/uploads\/2026\/02\/ncinspect_poster.jpg\"\r\n  >\r\n    <source src=\"https:\/\/lottechnology.com\/wp-content\/uploads\/2026\/02\/NCInspect_videoweb1.mp4\" type=\"video\/mp4\">\r\n    Votre navigateur ne supporte pas la vid\u00e9o.\r\n  <\/video>\r\n<\/div>\r\n\r\n              <div class=\"nci-stage-caption\" id=\"nciHint\" aria-live=\"polite\">\r\n                <strong>\u00c9tape 1 :<\/strong> la CAO devient la r\u00e9f\u00e9rence de conformit\u00e9.\r\n              <\/div>\r\n            <\/div>\r\n\r\n            <!-- curseur anim\u00e9 -->\r\n            <div class=\"nci-cursor\" aria-hidden=\"true\">\r\n              <div class=\"nci-cursor-dot\"><\/div>\r\n            <\/div>\r\n          <\/div>\r\n\r\n        <\/div>\r\n      <\/div>\r\n\r\n      <!-- AVANTAGES (cards coh\u00e9rentes style solution-card) -->\r\n      <div class=\"ncinspect-advantages\" aria-label=\"Avantages NC-Inspect\">\r\n        <div class=\"nci-adv-card\">\r\n          <div class=\"nci-adv-title\">1. Int\u00e9gration simple<\/div>\r\n          <p>Machines neuves ou r\u00e9trofit. D\u00e9ploiement adapt\u00e9 \u00e0 vos contraintes atelier.<\/p>\r\n        <\/div>\r\n\r\n        <div class=\"nci-adv-card\">\r\n          <div class=\"nci-adv-title\">2. Efficacit\u00e9<\/div>\r\n          <p>R\u00e9duction des temps de contr\u00f4le, des rebuts, de l\u2019\u00e9nergie et de la mati\u00e8re.<\/p>\r\n        <\/div>\r\n\r\n        <div class=\"nci-adv-card\">\r\n          <div class=\"nci-adv-title\">3. Rapidit\u00e9<\/div>\r\n          <p>D\u00e9tection quasi temps r\u00e9el des d\u00e9rives \u00e0 diff\u00e9rentes phases de fabrication.<\/p>\r\n        <\/div>\r\n\r\n        <div class=\"nci-adv-card\">\r\n          <div class=\"nci-adv-title\">All in One<\/div>\r\n          <p>Contr\u00f4le conformit\u00e9, Mesure 2D\/3D, Traitement de surfaces pi\u00e8ces.<\/p>\r\n        <\/div>\r\n\r\n        <div class=\"nci-cta-inline\">\r\n          <a href=\"\/en\/contact\/\" class=\"btn btn-primary\">Demander une d\u00e9mo NC-Inspect \u2192<\/a>\r\n          <a href=\"\/en\/contact\/\" class=\"btn btn-secondary\">\u00c9tude d\u2019int\u00e9gration machine<\/a>\r\n        <\/div>\r\n      <\/div>\r\n\r\n    <\/div>\r\n  <\/section>\r\n\r\n  <section class=\"cta-section\">\r\n    <div class=\"cta-content\">\r\n      <h2>Vous voulez un cas d\u2019usage chiffr\u00e9 ?<\/h2>\r\n      <p>On \u00e9value rapidement le ROI (temps, \u00e9nergie, rebut) sur votre atelier.<\/p>\r\n      <a href=\"\/en\/contact\/\" class=\"btn btn-primary\">Demander une estimation \u2192<\/a>\r\n    <\/div>\r\n  <\/section>\r\n\r\n  <footer>\r\n    <div class=\"footer-content\">\r\n      <div class=\"footer-about\">\r\n        <h3>LOT<span style=\"color: var(--secondary);\">TECHNOLOGY<\/span><\/h3>\r\n        <p>Des solutions robustes et industrialisables pour votre production.<\/p>\r\n      <\/div>\r\n      <div class=\"footer-links\">\r\n        <h4>Navigation<\/h4>\r\n        <ul>\r\n          <li><a href=\"\/en\/\">Home<\/a><\/li>\r\n          <li><a href=\"\/en\/services\/\">Services<\/a><\/li>\r\n          <li><a href=\"\/en\/solutions\/\">Solutions<\/a><\/li>\r\n          <li><a href=\"\/en\/contact\/\">Contact<\/a><\/li>\r\n        <\/ul>\r\n      <\/div>\r\n      <div class=\"footer-links\">\r\n        <h4>Services<\/h4>\r\n        <ul>\r\n          <li><a href=\"\/en\/services\/#automatisme\">Automation<\/a><\/li>\r\n          <li><a href=\"\/en\/services\/#vision\">Artificial Vision<\/a><\/li>\r\n          <li><a href=\"\/en\/services\/#controle\">Process Control<\/a><\/li>\r\n        <\/ul>\r\n      <\/div>\r\n    <\/div>\r\n    <div class=\"footer-bottom\">\r\n      <p>\u00a9 2026 LoTTechnology. All rights reserved.<\/p>\r\n    <\/div>\r\n  <\/footer>\r\n<\/div>\r\n\t\t\t\t<\/div>\n\t\t\t\t<\/div>\n\t\t\t\t\t<\/div>\n\t\t<\/div>\n\t\t\t\t\t<\/div>\n\t\t<\/section>\n\t\t\t\t<\/div>","protected":false},"excerpt":{"rendered":"<p>LOTTECHNOLOGY Accueil Services Solutions Contact SOLUTIONS Industrie 4.0 pragmatique ! Am\u00e9liorer productivit\u00e9, qualit\u00e9 et tra\u00e7abilit\u00e9 avec des solutions int\u00e9gr\u00e9es \u00e0 vos contraintes r\u00e9elles. VALEUR Solutions \u00e0 impact Des gains mesurables, [&hellip;]<\/p>\n","protected":false},"author":1,"featured_media":0,"parent":0,"menu_order":0,"comment_status":"closed","ping_status":"closed","template":"elementor_canvas","meta":{"_price":"","_stock":"","_tribe_ticket_header":"","_tribe_default_ticket_provider":"","_tribe_ticket_capacity":"0","_ticket_start_date":"","_ticket_end_date":"","_tribe_ticket_show_description":"","_tribe_ticket_show_not_going":false,"_tribe_ticket_use_global_stock":"","_tribe_ticket_global_stock_level":"","_global_stock_mode":"","_global_stock_cap":"","_tribe_rsvp_for_event":"","_tribe_ticket_going_count":"","_tribe_ticket_not_going_count":"","_tribe_tickets_list":"[]","_tribe_ticket_has_attendee_info_fields":false,"footnotes":"","_tec_slr_enabled":"","_tec_slr_layout":""},"class_list":["post-455","page","type-page","status-publish","hentry"],"yoast_head":"<!-- This site is optimized with the Yoast SEO plugin v27.4 - https:\/\/yoast.com\/product\/yoast-seo-wordpress\/ -->\n<title>Solutions - LoTTechnology<\/title>\n<meta name=\"robots\" content=\"index, follow, max-snippet:-1, max-image-preview:large, max-video-preview:-1\" \/>\n<link rel=\"canonical\" href=\"https:\/\/lottechnology.com\/en\/solutions\/\" \/>\n<meta property=\"og:locale\" content=\"en_US\" \/>\n<meta property=\"og:type\" content=\"article\" \/>\n<meta property=\"og:title\" content=\"Solutions - LoTTechnology\" \/>\n<meta property=\"og:description\" content=\"LOTTECHNOLOGY Accueil Services Solutions Contact SOLUTIONS Industrie 4.0 pragmatique ! Am\u00e9liorer productivit\u00e9, qualit\u00e9 et tra\u00e7abilit\u00e9 avec des solutions int\u00e9gr\u00e9es \u00e0 vos contraintes r\u00e9elles. VALEUR Solutions \u00e0 impact Des gains mesurables, [&hellip;]\" \/>\n<meta property=\"og:url\" content=\"https:\/\/lottechnology.com\/en\/solutions\/\" \/>\n<meta property=\"og:site_name\" content=\"LoTTechnology\" \/>\n<meta property=\"article:modified_time\" content=\"2026-02-17T16:09:44+00:00\" \/>\n<meta name=\"twitter:card\" content=\"summary_large_image\" \/>\n<meta name=\"twitter:label1\" content=\"Est. reading time\" \/>\n\t<meta name=\"twitter:data1\" content=\"2 minutes\" \/>\n<script type=\"application\/ld+json\" class=\"yoast-schema-graph\">{\"@context\":\"https:\\\/\\\/schema.org\",\"@graph\":[{\"@type\":\"WebPage\",\"@id\":\"https:\\\/\\\/lottechnology.com\\\/solutions\\\/\",\"url\":\"https:\\\/\\\/lottechnology.com\\\/solutions\\\/\",\"name\":\"Solutions - LoTTechnology\",\"isPartOf\":{\"@id\":\"https:\\\/\\\/lottechnology.com\\\/#website\"},\"datePublished\":\"2025-04-24T08:33:39+00:00\",\"dateModified\":\"2026-02-17T16:09:44+00:00\",\"breadcrumb\":{\"@id\":\"https:\\\/\\\/lottechnology.com\\\/solutions\\\/#breadcrumb\"},\"inLanguage\":\"en-US\",\"potentialAction\":[{\"@type\":\"ReadAction\",\"target\":[\"https:\\\/\\\/lottechnology.com\\\/solutions\\\/\"]}]},{\"@type\":\"BreadcrumbList\",\"@id\":\"https:\\\/\\\/lottechnology.com\\\/solutions\\\/#breadcrumb\",\"itemListElement\":[{\"@type\":\"ListItem\",\"position\":1,\"name\":\"Accueil\",\"item\":\"https:\\\/\\\/lottechnology.com\\\/\"},{\"@type\":\"ListItem\",\"position\":2,\"name\":\"Solutions\"}]},{\"@type\":\"WebSite\",\"@id\":\"https:\\\/\\\/lottechnology.com\\\/#website\",\"url\":\"https:\\\/\\\/lottechnology.com\\\/\",\"name\":\"LoTTechnology\",\"description\":\"Innovation pour l&#039;industrie\",\"publisher\":{\"@id\":\"https:\\\/\\\/lottechnology.com\\\/#organization\"},\"potentialAction\":[{\"@type\":\"SearchAction\",\"target\":{\"@type\":\"EntryPoint\",\"urlTemplate\":\"https:\\\/\\\/lottechnology.com\\\/?s={search_term_string}\"},\"query-input\":{\"@type\":\"PropertyValueSpecification\",\"valueRequired\":true,\"valueName\":\"search_term_string\"}}],\"inLanguage\":\"en-US\"},{\"@type\":\"Organization\",\"@id\":\"https:\\\/\\\/lottechnology.com\\\/#organization\",\"name\":\"LoTTechnology\",\"url\":\"https:\\\/\\\/lottechnology.com\\\/\",\"logo\":{\"@type\":\"ImageObject\",\"inLanguage\":\"en-US\",\"@id\":\"https:\\\/\\\/lottechnology.com\\\/#\\\/schema\\\/logo\\\/image\\\/\",\"url\":\"https:\\/\\/lottechnology.com\\/wp-content\\/uploads\\/2022\\/08\\/LoTTechnology2.png\",\"contentUrl\":\"https:\\/\\/lottechnology.com\\/wp-content\\/uploads\\/2022\\/08\\/LoTTechnology2.png\",\"width\":2472,\"height\":3029,\"caption\":\"LoTTechnology\"},\"image\":{\"@id\":\"https:\\\/\\\/lottechnology.com\\\/#\\\/schema\\\/logo\\\/image\\\/\"}}]}<\/script>\n<!-- \/ Yoast SEO plugin. -->","yoast_head_json":{"title":"Solutions - LoTTechnology","robots":{"index":"index","follow":"follow","max-snippet":"max-snippet:-1","max-image-preview":"max-image-preview:large","max-video-preview":"max-video-preview:-1"},"canonical":"https:\/\/lottechnology.com\/en\/solutions\/","og_locale":"en_US","og_type":"article","og_title":"Solutions - LoTTechnology","og_description":"LOTTECHNOLOGY Accueil Services Solutions Contact SOLUTIONS Industrie 4.0 pragmatique ! Am\u00e9liorer productivit\u00e9, qualit\u00e9 et tra\u00e7abilit\u00e9 avec des solutions int\u00e9gr\u00e9es \u00e0 vos contraintes r\u00e9elles. VALEUR Solutions \u00e0 impact Des gains mesurables, [&hellip;]","og_url":"https:\/\/lottechnology.com\/en\/solutions\/","og_site_name":"LoTTechnology","article_modified_time":"2026-02-17T16:09:44+00:00","twitter_card":"summary_large_image","twitter_misc":{"Est. reading time":"2 minutes"},"schema":{"@context":"https:\/\/schema.org","@graph":[{"@type":"WebPage","@id":"https:\/\/lottechnology.com\/solutions\/","url":"https:\/\/lottechnology.com\/solutions\/","name":"Solutions - LoTTechnology","isPartOf":{"@id":"https:\/\/lottechnology.com\/#website"},"datePublished":"2025-04-24T08:33:39+00:00","dateModified":"2026-02-17T16:09:44+00:00","breadcrumb":{"@id":"https:\/\/lottechnology.com\/solutions\/#breadcrumb"},"inLanguage":"en-US","potentialAction":[{"@type":"ReadAction","target":["https:\/\/lottechnology.com\/solutions\/"]}]},{"@type":"BreadcrumbList","@id":"https:\/\/lottechnology.com\/solutions\/#breadcrumb","itemListElement":[{"@type":"ListItem","position":1,"name":"Accueil","item":"https:\/\/lottechnology.com\/"},{"@type":"ListItem","position":2,"name":"Solutions"}]},{"@type":"WebSite","@id":"https:\/\/lottechnology.com\/#website","url":"https:\/\/lottechnology.com\/","name":"LoTTechnology","description":"Innovation for industry","publisher":{"@id":"https:\/\/lottechnology.com\/#organization"},"potentialAction":[{"@type":"SearchAction","target":{"@type":"EntryPoint","urlTemplate":"https:\/\/lottechnology.com\/?s={search_term_string}"},"query-input":{"@type":"PropertyValueSpecification","valueRequired":true,"valueName":"search_term_string"}}],"inLanguage":"en-US"},{"@type":"Organization","@id":"https:\/\/lottechnology.com\/#organization","name":"LoTTechnology","url":"https:\/\/lottechnology.com\/","logo":{"@type":"ImageObject","inLanguage":"en-US","@id":"https:\/\/lottechnology.com\/#\/schema\/logo\/image\/","url":"https:\/\/mlzccitntbtf.i.optimole.com\/w:auto\/h:auto\/q:mauto\/ig:avif\/https:\/\/lottechnology.com\/wp-content\/uploads\/2022\/08\/LoTTechnology2.png","contentUrl":"https:\/\/mlzccitntbtf.i.optimole.com\/w:auto\/h:auto\/q:mauto\/ig:avif\/https:\/\/lottechnology.com\/wp-content\/uploads\/2022\/08\/LoTTechnology2.png","width":2472,"height":3029,"caption":"LoTTechnology"},"image":{"@id":"https:\/\/lottechnology.com\/#\/schema\/logo\/image\/"}}]}},"ticketed":false,"_links":{"self":[{"href":"https:\/\/lottechnology.com\/en\/wp-json\/wp\/v2\/pages\/455","targetHints":{"allow":["GET"]}}],"collection":[{"href":"https:\/\/lottechnology.com\/en\/wp-json\/wp\/v2\/pages"}],"about":[{"href":"https:\/\/lottechnology.com\/en\/wp-json\/wp\/v2\/types\/page"}],"author":[{"embeddable":true,"href":"https:\/\/lottechnology.com\/en\/wp-json\/wp\/v2\/users\/1"}],"replies":[{"embeddable":true,"href":"https:\/\/lottechnology.com\/en\/wp-json\/wp\/v2\/comments?post=455"}],"version-history":[{"count":103,"href":"https:\/\/lottechnology.com\/en\/wp-json\/wp\/v2\/pages\/455\/revisions"}],"predecessor-version":[{"id":992,"href":"https:\/\/lottechnology.com\/en\/wp-json\/wp\/v2\/pages\/455\/revisions\/992"}],"wp:attachment":[{"href":"https:\/\/lottechnology.com\/en\/wp-json\/wp\/v2\/media?parent=455"}],"curies":[{"name":"wp","href":"https:\/\/api.w.org\/{rel}","templated":true}]}}