{"id":232,"date":"2022-10-25T13:46:56","date_gmt":"2022-10-25T11:46:56","guid":{"rendered":"https:\/\/lottechnology.com\/?page_id=232"},"modified":"2026-02-16T20:36:54","modified_gmt":"2026-02-16T18:36:54","slug":"services","status":"publish","type":"page","link":"https:\/\/lottechnology.com\/en\/services\/","title":{"rendered":"Services"},"content":{"rendered":"<div data-elementor-type=\"wp-page\" data-elementor-id=\"232\" class=\"elementor elementor-232\">\n\t\t\t\t\t\t<section class=\"elementor-section elementor-top-section elementor-element elementor-element-042c98f elementor-section-full_width elementor-section-stretched elementor-section-height-default elementor-section-height-default\" data-id=\"042c98f\" data-element_type=\"section\" data-e-type=\"section\" data-settings=\"{&quot;stretch_section&quot;:&quot;section-stretched&quot;}\">\n\t\t\t\t\t\t<div class=\"elementor-container elementor-column-gap-default\">\n\t\t\t\t\t<div class=\"elementor-column elementor-col-100 elementor-top-column elementor-element elementor-element-754788f\" data-id=\"754788f\" data-element_type=\"column\" data-e-type=\"column\">\n\t\t\t<div class=\"elementor-widget-wrap elementor-element-populated\">\n\t\t\t\t\t\t<div class=\"elementor-element elementor-element-93e369e elementor-widget elementor-widget-html\" data-id=\"93e369e\" data-element_type=\"widget\" data-e-type=\"widget\" data-widget_type=\"html.default\">\n\t\t\t\t<div class=\"elementor-widget-container\">\n\t\t\t\t\t<div class=\"lottech-page\">\r\n  <div class=\"grid-bg\"><\/div>\r\n\r\n  <nav id=\"navbar\" aria-label=\"Main Navigation\">\r\n    <div class=\"nav-container\">\r\n      <a href=\"\/en\/\" class=\"logo\" aria-label=\"Go to home\">\r\n        <div class=\"logo-text\">LOT<span class=\"logo-tech\">TECHNOLOGY<\/span><\/div>\r\n      <\/a>\r\n      <ul class=\"nav-links\">\r\n        <li><a href=\"\/en\/#accueil\">Home<\/a><\/li>\r\n        <li><a href=\"\/en\/services\/\">Services<\/a><\/li>\r\n        <li><a href=\"\/en\/solutions\/\">Solutions<\/a><\/li>\r\n        <li><a href=\"\/en\/contact\/\">Contact<\/a><\/li>\r\n      <\/ul>\r\n    <\/div>\r\n  <\/nav>\r\n\r\n  <section class=\"page-hero\" id=\"top\">\r\n    <div class=\"page-hero-content\">\r\n      <span class=\"section-tag\">NOS SERVICES<\/span>\r\n      <h1 class=\"page-title\">Expertise <span class=\"gradient-text\">terrain<\/span> & int\u00e9gration<\/h1>\r\n      <p class=\"page-subtitle\">\r\n        De l\u2019\u00e9tude \u00e0 la mise en production : automatisme, vision industrielle, supervision et optimisation process.\r\n      <\/p>\r\n    <\/div>\r\n  <\/section>\r\n\r\n  <section class=\"services\" id=\"services\">\r\n    <div class=\"section-header\">\r\n      <span class=\"section-tag\">CE QUE NOUS FAISONS<\/span>\r\n      <h2 class=\"section-title\">Services <span class=\"gradient-text\">industrial<\/span><\/h2>\r\n      <p class=\"section-subtitle\">Des livrables concrets, robustes, orient\u00e9s ROI.<\/p>\r\n    <\/div>\r\n\r\n    <div class=\"services-grid\">\r\n      <div class=\"service-card\" id=\"automatisme\">\r\n        <span class=\"service-icon\">\ud83d\udd27<\/span>\r\n        <h3>Industrial Automatism<\/h3>\r\n        <p>Conception, programmation, mise en service et support sur vos lignes et machines.<\/p>\r\n        <ul class=\"service-list\">\r\n          <li>Architecture & \u00e9tudes<\/li>\r\n          <li>Programmation PLC \/ safety<\/li>\r\n          <li>Mise en service \/ qualification<\/li>\r\n          <li>Support & am\u00e9lioration continue<\/li>\r\n        <\/ul>\r\n      <\/div>\r\n\r\n      <div class=\"service-card\" id=\"vision\">\r\n        <span class=\"service-icon\">\ud83d\udc41\ufe0f<\/span>\r\n        <h3>Artificial Vision<\/h3>\r\n        <p>Contr\u00f4le qualit\u00e9, mesure, tra\u00e7abilit\u00e9 : des syst\u00e8mes adapt\u00e9s \u00e0 votre production.<\/p>\r\n        <ul class=\"service-list\">\r\n          <li>Choix capteurs \/ optiques \/ \u00e9clairage<\/li>\r\n          <li>Algorithmes & IA<\/li>\r\n          <li>Int\u00e9gration machine \/ robot<\/li>\r\n          <li>Validation et r\u00e9p\u00e9tabilit\u00e9<\/li>\r\n        <\/ul>\r\n      <\/div>\r\n\r\n      <div class=\"service-card\" id=\"controle\">\r\n        <span class=\"service-icon\">\ud83d\udcca<\/span>\r\n        <h3>Contr\u00f4le Process & Supervision<\/h3>\r\n        <p>Supervision, IHM, MES light : pilotage et visibilit\u00e9 en temps r\u00e9el.<\/p>\r\n        <ul class=\"service-list\">\r\n          <li>Supervision \/ IHM<\/li>\r\n          <li>Suivi de production<\/li>\r\n          <li>Traceability<\/li>\r\n          <li>Optimisation des cycles<\/li>\r\n        <\/ul>\r\n      <\/div>\r\n    <\/div>\r\n  <\/section>\r\n\r\n  <section class=\"cta-section\">\r\n    <div class=\"cta-content\">\r\n      <h2>Un besoin urgent sur machine ou ligne d'assemblage ?<\/h2>\r\n      <p>On vous r\u00e9pond rapidement et on vous propose un plan d\u2019action clair.<\/p>\r\n      <a href=\"\/en\/contact\/\" class=\"btn btn-primary\">Nous contacter \u2192<\/a>\r\n    <\/div>\r\n  <\/section>\r\n\r\n  <footer>\r\n    <div class=\"footer-content\">\r\n      <div class=\"footer-about\">\r\n        <h3>LOT<span style=\"color: var(--secondary);\">TECHNOLOGY<\/span><\/h3>\r\n        <p>Automation, industrial vision and optimization process for the industry.<\/p>\r\n      <\/div>\r\n      <div class=\"footer-links\">\r\n        <h4>Navigation<\/h4>\r\n        <ul>\r\n          <li><a href=\"\/en\/\">Home<\/a><\/li>\r\n          <li><a href=\"\/en\/services\/\">Services<\/a><\/li>\r\n          <li><a href=\"\/en\/solutions\/\">Solutions<\/a><\/li>\r\n          <li><a href=\"\/en\/contact\/\">Contact<\/a><\/li>\r\n        <\/ul>\r\n      <\/div>\r\n      <div class=\"footer-links\">\r\n        <h4>Services<\/h4>\r\n        <ul>\r\n          <li><a href=\"\/en\/services\/#automatisme\">Automation<\/a><\/li>\r\n          <li><a href=\"\/en\/services\/#vision\">Artificial Vision<\/a><\/li>\r\n          <li><a href=\"\/en\/services\/#controle\">Process Control<\/a><\/li>\r\n        <\/ul>\r\n      <\/div>\r\n    <\/div>\r\n    <div class=\"footer-bottom\">\r\n      <p>\u00a9 2026 LoTTechnology. All rights reserved.<\/p>\r\n    <\/div>\r\n  <\/footer>\r\n<\/div>\r\n\t\t\t\t<\/div>\n\t\t\t\t<\/div>\n\t\t\t\t\t<\/div>\n\t\t<\/div>\n\t\t\t\t\t<\/div>\n\t\t<\/section>\n\t\t\t\t<\/div>","protected":false},"excerpt":{"rendered":"<p>LOTTECHNOLOGY Accueil Services Solutions Contact NOS SERVICES Expertise terrain &#038; int\u00e9gration De l\u2019\u00e9tude \u00e0 la mise en production : automatisme, vision industrielle, supervision et optimisation process. CE QUE NOUS FAISONS [&hellip;]<\/p>\n","protected":false},"author":1,"featured_media":0,"parent":0,"menu_order":0,"comment_status":"closed","ping_status":"closed","template":"elementor_canvas","meta":{"_price":"","_stock":"","_tribe_ticket_header":"","_tribe_default_ticket_provider":"","_tribe_ticket_capacity":"0","_ticket_start_date":"","_ticket_end_date":"","_tribe_ticket_show_description":"","_tribe_ticket_show_not_going":false,"_tribe_ticket_use_global_stock":"","_tribe_ticket_global_stock_level":"","_global_stock_mode":"","_global_stock_cap":"","_tribe_rsvp_for_event":"","_tribe_ticket_going_count":"","_tribe_ticket_not_going_count":"","_tribe_tickets_list":"[]","_tribe_ticket_has_attendee_info_fields":false,"footnotes":"","_tec_slr_enabled":"","_tec_slr_layout":""},"class_list":["post-232","page","type-page","status-publish","hentry"],"yoast_head":"<!-- This site is optimized with the Yoast SEO plugin v27.4 - https:\/\/yoast.com\/product\/yoast-seo-wordpress\/ -->\n<title>Services - LoTTechnology<\/title>\n<meta name=\"robots\" content=\"index, follow, max-snippet:-1, max-image-preview:large, max-video-preview:-1\" \/>\n<link rel=\"canonical\" href=\"https:\/\/lottechnology.com\/en\/services\/\" \/>\n<meta property=\"og:locale\" content=\"en_US\" \/>\n<meta property=\"og:type\" content=\"article\" \/>\n<meta property=\"og:title\" content=\"Services - LoTTechnology\" \/>\n<meta property=\"og:description\" content=\"LOTTECHNOLOGY Accueil Services Solutions Contact NOS SERVICES Expertise terrain &#038; int\u00e9gration De l\u2019\u00e9tude \u00e0 la mise en production : automatisme, vision industrielle, supervision et optimisation process. CE QUE NOUS FAISONS [&hellip;]\" \/>\n<meta property=\"og:url\" content=\"https:\/\/lottechnology.com\/en\/services\/\" \/>\n<meta property=\"og:site_name\" content=\"LoTTechnology\" \/>\n<meta property=\"article:modified_time\" content=\"2026-02-16T18:36:54+00:00\" \/>\n<meta name=\"twitter:card\" content=\"summary_large_image\" \/>\n<meta name=\"twitter:label1\" content=\"Est. reading time\" \/>\n\t<meta name=\"twitter:data1\" content=\"2 minutes\" \/>\n<script type=\"application\/ld+json\" class=\"yoast-schema-graph\">{\"@context\":\"https:\\\/\\\/schema.org\",\"@graph\":[{\"@type\":\"WebPage\",\"@id\":\"https:\\\/\\\/lottechnology.com\\\/services\\\/\",\"url\":\"https:\\\/\\\/lottechnology.com\\\/services\\\/\",\"name\":\"Services - LoTTechnology\",\"isPartOf\":{\"@id\":\"https:\\\/\\\/lottechnology.com\\\/#website\"},\"datePublished\":\"2022-10-25T11:46:56+00:00\",\"dateModified\":\"2026-02-16T18:36:54+00:00\",\"breadcrumb\":{\"@id\":\"https:\\\/\\\/lottechnology.com\\\/services\\\/#breadcrumb\"},\"inLanguage\":\"en-US\",\"potentialAction\":[{\"@type\":\"ReadAction\",\"target\":[\"https:\\\/\\\/lottechnology.com\\\/services\\\/\"]}]},{\"@type\":\"BreadcrumbList\",\"@id\":\"https:\\\/\\\/lottechnology.com\\\/services\\\/#breadcrumb\",\"itemListElement\":[{\"@type\":\"ListItem\",\"position\":1,\"name\":\"Accueil\",\"item\":\"https:\\\/\\\/lottechnology.com\\\/\"},{\"@type\":\"ListItem\",\"position\":2,\"name\":\"Services\"}]},{\"@type\":\"WebSite\",\"@id\":\"https:\\\/\\\/lottechnology.com\\\/#website\",\"url\":\"https:\\\/\\\/lottechnology.com\\\/\",\"name\":\"LoTTechnology\",\"description\":\"Innovation pour l&#039;industrie\",\"publisher\":{\"@id\":\"https:\\\/\\\/lottechnology.com\\\/#organization\"},\"potentialAction\":[{\"@type\":\"SearchAction\",\"target\":{\"@type\":\"EntryPoint\",\"urlTemplate\":\"https:\\\/\\\/lottechnology.com\\\/?s={search_term_string}\"},\"query-input\":{\"@type\":\"PropertyValueSpecification\",\"valueRequired\":true,\"valueName\":\"search_term_string\"}}],\"inLanguage\":\"en-US\"},{\"@type\":\"Organization\",\"@id\":\"https:\\\/\\\/lottechnology.com\\\/#organization\",\"name\":\"LoTTechnology\",\"url\":\"https:\\\/\\\/lottechnology.com\\\/\",\"logo\":{\"@type\":\"ImageObject\",\"inLanguage\":\"en-US\",\"@id\":\"https:\\\/\\\/lottechnology.com\\\/#\\\/schema\\\/logo\\\/image\\\/\",\"url\":\"https:\\/\\/lottechnology.com\\/wp-content\\/uploads\\/2022\\/08\\/LoTTechnology2.png\",\"contentUrl\":\"https:\\/\\/lottechnology.com\\/wp-content\\/uploads\\/2022\\/08\\/LoTTechnology2.png\",\"width\":2472,\"height\":3029,\"caption\":\"LoTTechnology\"},\"image\":{\"@id\":\"https:\\\/\\\/lottechnology.com\\\/#\\\/schema\\\/logo\\\/image\\\/\"}}]}<\/script>\n<!-- \/ Yoast SEO plugin. -->","yoast_head_json":{"title":"Services - LoTTechnology","robots":{"index":"index","follow":"follow","max-snippet":"max-snippet:-1","max-image-preview":"max-image-preview:large","max-video-preview":"max-video-preview:-1"},"canonical":"https:\/\/lottechnology.com\/en\/services\/","og_locale":"en_US","og_type":"article","og_title":"Services - LoTTechnology","og_description":"LOTTECHNOLOGY Accueil Services Solutions Contact NOS SERVICES Expertise terrain &#038; int\u00e9gration De l\u2019\u00e9tude \u00e0 la mise en production : automatisme, vision industrielle, supervision et optimisation process. CE QUE NOUS FAISONS [&hellip;]","og_url":"https:\/\/lottechnology.com\/en\/services\/","og_site_name":"LoTTechnology","article_modified_time":"2026-02-16T18:36:54+00:00","twitter_card":"summary_large_image","twitter_misc":{"Est. reading time":"2 minutes"},"schema":{"@context":"https:\/\/schema.org","@graph":[{"@type":"WebPage","@id":"https:\/\/lottechnology.com\/services\/","url":"https:\/\/lottechnology.com\/services\/","name":"Services - LoTTechnology","isPartOf":{"@id":"https:\/\/lottechnology.com\/#website"},"datePublished":"2022-10-25T11:46:56+00:00","dateModified":"2026-02-16T18:36:54+00:00","breadcrumb":{"@id":"https:\/\/lottechnology.com\/services\/#breadcrumb"},"inLanguage":"en-US","potentialAction":[{"@type":"ReadAction","target":["https:\/\/lottechnology.com\/services\/"]}]},{"@type":"BreadcrumbList","@id":"https:\/\/lottechnology.com\/services\/#breadcrumb","itemListElement":[{"@type":"ListItem","position":1,"name":"Accueil","item":"https:\/\/lottechnology.com\/"},{"@type":"ListItem","position":2,"name":"Services"}]},{"@type":"WebSite","@id":"https:\/\/lottechnology.com\/#website","url":"https:\/\/lottechnology.com\/","name":"LoTTechnology","description":"Innovation for industry","publisher":{"@id":"https:\/\/lottechnology.com\/#organization"},"potentialAction":[{"@type":"SearchAction","target":{"@type":"EntryPoint","urlTemplate":"https:\/\/lottechnology.com\/?s={search_term_string}"},"query-input":{"@type":"PropertyValueSpecification","valueRequired":true,"valueName":"search_term_string"}}],"inLanguage":"en-US"},{"@type":"Organization","@id":"https:\/\/lottechnology.com\/#organization","name":"LoTTechnology","url":"https:\/\/lottechnology.com\/","logo":{"@type":"ImageObject","inLanguage":"en-US","@id":"https:\/\/lottechnology.com\/#\/schema\/logo\/image\/","url":"https:\/\/mlzccitntbtf.i.optimole.com\/w:auto\/h:auto\/q:mauto\/ig:avif\/https:\/\/lottechnology.com\/wp-content\/uploads\/2022\/08\/LoTTechnology2.png","contentUrl":"https:\/\/mlzccitntbtf.i.optimole.com\/w:auto\/h:auto\/q:mauto\/ig:avif\/https:\/\/lottechnology.com\/wp-content\/uploads\/2022\/08\/LoTTechnology2.png","width":2472,"height":3029,"caption":"LoTTechnology"},"image":{"@id":"https:\/\/lottechnology.com\/#\/schema\/logo\/image\/"}}]}},"ticketed":false,"_links":{"self":[{"href":"https:\/\/lottechnology.com\/en\/wp-json\/wp\/v2\/pages\/232","targetHints":{"allow":["GET"]}}],"collection":[{"href":"https:\/\/lottechnology.com\/en\/wp-json\/wp\/v2\/pages"}],"about":[{"href":"https:\/\/lottechnology.com\/en\/wp-json\/wp\/v2\/types\/page"}],"author":[{"embeddable":true,"href":"https:\/\/lottechnology.com\/en\/wp-json\/wp\/v2\/users\/1"}],"replies":[{"embeddable":true,"href":"https:\/\/lottechnology.com\/en\/wp-json\/wp\/v2\/comments?post=232"}],"version-history":[{"count":110,"href":"https:\/\/lottechnology.com\/en\/wp-json\/wp\/v2\/pages\/232\/revisions"}],"predecessor-version":[{"id":982,"href":"https:\/\/lottechnology.com\/en\/wp-json\/wp\/v2\/pages\/232\/revisions\/982"}],"wp:attachment":[{"href":"https:\/\/lottechnology.com\/en\/wp-json\/wp\/v2\/media?parent=232"}],"curies":[{"name":"wp","href":"https:\/\/api.w.org\/{rel}","templated":true}]}}