{"id":134,"date":"2022-08-30T07:32:42","date_gmt":"2022-08-30T05:32:42","guid":{"rendered":"https:\/\/lottechnology.com\/?page_id=134"},"modified":"2026-02-16T20:39:13","modified_gmt":"2026-02-16T18:39:13","slug":"contact","status":"publish","type":"page","link":"https:\/\/lottechnology.com\/en\/contact\/","title":{"rendered":"Contact"},"content":{"rendered":"<div data-elementor-type=\"wp-page\" data-elementor-id=\"134\" class=\"elementor elementor-134\">\n\t\t\t\t\t\t<section class=\"elementor-section elementor-top-section elementor-element elementor-element-661daa8 elementor-section-full_width elementor-section-stretched elementor-section-height-default elementor-section-height-default\" data-id=\"661daa8\" data-element_type=\"section\" data-e-type=\"section\" data-settings=\"{&quot;stretch_section&quot;:&quot;section-stretched&quot;}\">\n\t\t\t\t\t\t<div class=\"elementor-container elementor-column-gap-default\">\n\t\t\t\t\t<div class=\"elementor-column elementor-col-100 elementor-top-column elementor-element elementor-element-2d01938\" data-id=\"2d01938\" data-element_type=\"column\" data-e-type=\"column\">\n\t\t\t<div class=\"elementor-widget-wrap elementor-element-populated\">\n\t\t\t\t\t\t<div class=\"elementor-element elementor-element-17e3864 elementor-widget elementor-widget-html\" data-id=\"17e3864\" data-element_type=\"widget\" data-e-type=\"widget\" data-widget_type=\"html.default\">\n\t\t\t\t<div class=\"elementor-widget-container\">\n\t\t\t\t\t<!-- ============================================\r\n     PAGE CONTACT - LOTTECHNOLOGY (Elementor HTML)\r\n     Formulaire 100% custom + toast premium\r\n     ============================================ -->\r\n\r\n<div class=\"lottech-page\">\r\n  <div class=\"grid-bg\"><\/div>\r\n\r\n  <nav id=\"navbar\" aria-label=\"Main Navigation\">\r\n    <div class=\"nav-container\">\r\n      <a href=\"\/en\/\" class=\"logo\" aria-label=\"Go to home\">\r\n        <div class=\"logo-text\">LOT<span class=\"logo-tech\">TECHNOLOGY<\/span><\/div>\r\n      <\/a>\r\n      <ul class=\"nav-links\">\r\n        <li><a href=\"\/en\/#accueil\">Home<\/a><\/li>\r\n        <li><a href=\"\/en\/services\/\">Services<\/a><\/li>\r\n        <li><a href=\"\/en\/solutions\/\">Solutions<\/a><\/li>\r\n        <li><a href=\"\/en\/contact\/\">Contact<\/a><\/li>\r\n      <\/ul>\r\n    <\/div>\r\n  <\/nav>\r\n\r\n  <section class=\"page-hero\" id=\"top\">\r\n    <div class=\"page-hero-content\">\r\n      <span class=\"section-tag\">CONTACT<\/span>\r\n      <h1 class=\"page-title\">Let's talk about your <span class=\"gradient-text\">project<\/span><\/h1>\r\n      <p class=\"page-subtitle\">\r\n        Describe your need in (machine, line, control, vision). Fast response with a clear proposal.\r\n      <\/p>\r\n    <\/div>\r\n  <\/section>\r\n\r\n<section class=\"contact-page lottech-contact\" id=\"contact\">\r\n  <div class=\"contact-shell\">\r\n    <div class=\"contact-layout contact-layout-v2\">\r\n\r\n      <!-- INFOS -->\r\n      <aside class=\"contact-info-section\" aria-label=\"Contact information\">\r\n        <h2>Information<\/h2>\r\n        <p class=\"info-intro\">\r\n          We work on site or remotely. Feel free to attach photos \/ constraints process.\r\n          <strong>Response within 24 business hours.<\/strong>\r\n        <\/p>\r\n\r\n        <div class=\"contact-cards\" role=\"list\">\r\n          <div class=\"contact-card\" role=\"listitem\">\r\n            <div class=\"contact-card-ic\" aria-hidden=\"true\">\r\n              <!-- mail -->\r\n              <svg viewbox=\"0 0 24 24\" width=\"20\" height=\"20\"><path d=\"M4 6h16v12H4V6zm1.5 1.5 6.5 5 6.5-5\" fill=\"none\" stroke=\"currentColor\" stroke-width=\"1.8\" stroke-linecap=\"round\" stroke-linejoin=\"round\"\/><\/svg>\r\n            <\/div>\r\n            <div class=\"contact-card-txt\">\r\n              <div class=\"contact-card-title\">Email<\/div>\r\n              <a href=\"mailto:contact@lottechnology.com\">contact@lottechnology.com<\/a>\r\n              <div class=\"contact-card-sub\">Ideal for sharing documents.<\/div>\r\n            <\/div>\r\n          <\/div>\r\n\r\n          <div class=\"contact-card\" role=\"listitem\">\r\n            <div class=\"contact-card-ic\" aria-hidden=\"true\">\r\n              <!-- phone -->\r\n              <svg viewbox=\"0 0 24 24\" width=\"20\" height=\"20\"><path d=\"M7 3h3l1 5-2 1c1.2 2.4 3.1 4.3 5.5 5.5l1-2 5 1v3c0 1-1 2-2 2C10 20 4 14 4 6c0-1 1-2 2-3z\" fill=\"none\" stroke=\"currentColor\" stroke-width=\"1.8\" stroke-linecap=\"round\" stroke-linejoin=\"round\"\/><\/svg>\r\n            <\/div>\r\n            <div class=\"contact-card-txt\">\r\n              <div class=\"contact-card-title\">Phone<\/div>\r\n              <a href=\"tel:+33565100213\">+33 5 65 10 02 13<\/a>\r\n              <div class=\"contact-card-sub\">Mon\u2013Fri \u2022 8: 30\u201318h<\/div>\r\n            <\/div>\r\n          <\/div>\r\n\r\n          <div class=\"contact-card\" role=\"listitem\">\r\n            <div class=\"contact-card-ic\" aria-hidden=\"true\">\r\n              <!-- pin -->\r\n              <svg viewbox=\"0 0 24 24\" width=\"20\" height=\"20\"><path d=\"M12 21s7-6.2 7-12a7 7 0 10-14 0c0 5.8 7 12 7 12z\" fill=\"none\" stroke=\"currentColor\" stroke-width=\"1.8\"\/><path d=\"M12 9.5a2 2 0 110-4 2 2 0 010 4z\" fill=\"none\" stroke=\"currentColor\" stroke-width=\"1.8\"\/><\/svg>\r\n            <\/div>\r\n            <div class=\"contact-card-txt\">\r\n              <div class=\"contact-card-title\">Address<\/div>\r\n              <p>Calfatech \u2013 Park Activities Quercyp\u00f4le, 46100 Cambes<\/p>\r\n              <a class=\"subtle\" href=\"https:\/\/www.google.com\/maps?q=Parc+d'Activit%C3%A9s+Quercyp%C3%B4le+46100+Cambes\" target=\"_blank\" rel=\"noopener\">See on Google Maps<\/a>\r\n            <\/div>\r\n          <\/div>\r\n        <\/div>\r\n\r\n        <div class=\"contact-assurance\">\r\n          <div class=\"contact-assurance-title\">Commitment<\/div>\r\n          <ul>\r\n            <li>Answer <strong>24 business hours<\/strong><\/li>\r\n            <li>Privacy and secure processing<\/li>\r\n            <li>On-site or remotely<\/li>\r\n          <\/ul>\r\n        <\/div>\r\n      <\/aside>\r\n\r\n      <!-- FORM -->\r\n      <div class=\"contact-form-section\">\r\n        <h2>Form<\/h2>\r\n\r\n        <form class=\"lottech-form\" id=\"lottechForm\" autocomplete=\"on\" novalidate action=\"\">\r\n          <input type=\"hidden\" name=\"ts\" id=\"lt_ts\" value=\"\">\r\n          <input type=\"hidden\" name=\"nonce\" id=\"lt_nonce\" value=\"\">\r\n          <input type=\"text\" name=\"hp\" class=\"hp-field\" tabindex=\"-1\" autocomplete=\"off\" aria-hidden=\"true\">\r\n          <input type=\"hidden\" name=\"recaptchaToken\" id=\"lt_recaptcha\" value=\"\">\r\n\r\n          <!-- Segmentation -->\r\n          <div class=\"lt-field\">\r\n            <label for=\"lt_topic\">Your request<\/label>\r\n            <select id=\"lt_topic\" name=\"topic\" required>\r\n              <option value=\"\" selected disabled>Choose a topic<\/option>\r\n              <option value=\"devis\">Request for quote<\/option>\r\n              <option value=\"support\">Technical questions \/ support<\/option>\r\n              <option value=\"partenariat\">Partnership<\/option>\r\n              <option value=\"nc-inspect\">NC-Inspect \/ vision board<\/option>\r\n              <option value=\"autre\">Other<\/option>\r\n            <\/select>\r\n            <div class=\"lt-error\" id=\"err_topic\" aria-live=\"polite\"><\/div>\r\n          <\/div>\r\n\r\n          <div class=\"lt-grid\">\r\n            <div class=\"lt-field\">\r\n              <label for=\"lt_name\">Name<\/label>\r\n              <input id=\"lt_name\" name=\"name\" type=\"text\" placeholder=\"Your name\" required>\r\n              <div class=\"lt-error\" id=\"err_name\" aria-live=\"polite\"><\/div>\r\n            <\/div>\r\n\r\n            <div class=\"lt-field\">\r\n              <label for=\"lt_company\">Company <span class=\"opt\">(optional)<\/span><\/label>\r\n              <input id=\"lt_company\" name=\"company\" type=\"text\" placeholder=\"Company \/ Workshop\">\r\n            <\/div>\r\n          <\/div>\r\n\r\n          <div class=\"lt-grid\">\r\n            <div class=\"lt-field\">\r\n              <label for=\"lt_email\">E-mail<\/label>\r\n              <input id=\"lt_email\" name=\"email\" type=\"email\" placeholder=\"vous@entreprise.com\" required>\r\n              <div class=\"lt-error\" id=\"err_email\" aria-live=\"polite\"><\/div>\r\n            <\/div>\r\n\r\n            <div class=\"lt-field\">\r\n              <label for=\"lt_phone\">Phone <span class=\"opt\">(optional)<\/span><\/label>\r\n              <input id=\"lt_phone\" name=\"phone\" type=\"tel\" placeholder=\"+33 ...\">\r\n            <\/div>\r\n          <\/div>\r\n\r\n          <div class=\"lt-field\">\r\n            <label for=\"lt_subject\">About<\/label>\r\n            <input id=\"lt_subject\" name=\"subject\" type=\"text\" placeholder=\"Automation \/ Vision \/ Control...\" required>\r\n            <div class=\"lt-error\" id=\"err_subject\" aria-live=\"polite\"><\/div>\r\n          <\/div>\r\n\r\n          <div class=\"lt-field\">\r\n            <label for=\"lt_message\">Message<\/label>\r\n            <textarea id=\"lt_message\" name=\"message\" rows=\"7\" placeholder=\"Describe your need, time, constraints...\" required><\/textarea>\r\n            <div class=\"lt-error\" id=\"err_message\" aria-live=\"polite\"><\/div>\r\n          <\/div>\r\n\r\n          <div class=\"lt-actions\">\r\n            <button type=\"submit\" class=\"lt-btn\" id=\"lt_submit\">\r\n              <span class=\"lt-btn-label\">Send<\/span>\r\n              <span class=\"lt-btn-spinner\" aria-hidden=\"true\"><\/span>\r\n            <\/button>\r\n\r\n            <p class=\"lt-legal\">\r\n              By submitting this form, you agree to be recontacted by LOTTECHNOLOGY.\r\n            <\/p>\r\n\r\n            <p style=\"margin:0;color:var(--text-secondary);font-size:.9rem;\">\r\n              Quick-fix (document) :\r\n              <a href=\"mailto:contact@lottechnology.com\">contact@lottechnology.com<\/a>\r\n            <\/p>\r\n          <\/div>\r\n        <input type=\"hidden\" name=\"trp-form-language\" value=\"en\"\/><\/form>\r\n      <\/div>\r\n\r\n    <\/div>\r\n  <\/div>\r\n<\/section>\r\n\r\n\r\n  <footer>\r\n    <div class=\"footer-content\">\r\n      <div class=\"footer-about\">\r\n        <h3>LOT<span style=\"color: var(--secondary);\">TECHNOLOGY<\/span><\/h3>\r\n        <p>Automation, industrial vision and optimization process for the industry.<\/p>\r\n      <\/div>\r\n      <div class=\"footer-links\">\r\n        <h4>Navigation<\/h4>\r\n        <ul>\r\n          <li><a href=\"\/en\/\">Home<\/a><\/li>\r\n          <li><a href=\"\/en\/services\/\">Services<\/a><\/li>\r\n          <li><a href=\"\/en\/solutions\/\">Solutions<\/a><\/li>\r\n          <li><a href=\"\/en\/contact\/\">Contact<\/a><\/li>\r\n        <\/ul>\r\n      <\/div>\r\n      <div class=\"footer-links\">\r\n        <h4>Services<\/h4>\r\n        <ul>\r\n          <li><a href=\"\/en\/services\/#automatisme\">Automation<\/a><\/li>\r\n          <li><a href=\"\/en\/services\/#vision\">Artificial Vision<\/a><\/li>\r\n          <li><a href=\"\/en\/services\/#controle\">Process Control<\/a><\/li>\r\n        <\/ul>\r\n      <\/div>\r\n    <\/div>\r\n    <div class=\"footer-bottom\">\r\n      <p>\u00a9 2026 LoTTechnology. All rights reserved.<\/p>\r\n    <\/div>\r\n  <\/footer>\r\n<\/div>\r\n\r\n<!-- \u2705 TOAST PREMIUM -->\r\n<div class=\"lt-toast\" id=\"ltToast\" role=\"status\" aria-live=\"polite\" aria-atomic=\"true\">\r\n  <div class=\"lt-toast-inner\">\r\n    <div class=\"lt-toast-icon\">\u2713<\/div>\r\n    <div class=\"lt-toast-text\">\r\n      <div class=\"lt-toast-title\" id=\"ltToastTitle\">Sent<\/div>\r\n      <div class=\"lt-toast-sub\" id=\"ltToastSub\">Thank you ! We come back to you quickly.<\/div>\r\n    <\/div>\r\n    <button class=\"lt-toast-close\" id=\"ltToastClose\" aria-label=\"Close\">\u2715<\/button>\r\n  <\/div>\r\n<\/div>\r\n\r\n<script>\r\n(function(){\r\n  const form = document.getElementById('lottechForm');\r\n  if(!form) return;\r\n\r\n  \/\/ Timestamp\r\n  const ts = document.getElementById('lt_ts');\r\n  if(ts) ts.value = String(Date.now());\r\n\r\n  \/\/ Nonce (fourni par le snippet PHP : window.LTContact.nonce)\r\n  function setNonce(){\r\n    if(window.LTContact && window.LTContact.nonce){\r\n      const n = document.getElementById('lt_nonce');\r\n      if(n) n.value = window.LTContact.nonce;\r\n    }\r\n  }\r\n  setNonce();\r\n\r\n  \/\/ Toast\r\n  const toast = document.getElementById('ltToast');\r\n  const toastTitle = document.getElementById('ltToastTitle');\r\n  const toastSub = document.getElementById('ltToastSub');\r\n  const toastClose = document.getElementById('ltToastClose');\r\n  let toastTimer;\r\n\r\n  function openToast(title, sub){\r\n    toastTitle.textContent = title;\r\n    toastSub.textContent = sub;\r\n    toast.classList.add('is-open');\r\n    clearTimeout(toastTimer);\r\n    toastTimer = setTimeout(()=> toast.classList.remove('is-open'), 5200);\r\n  }\r\n  if(toastClose){\r\n    toastClose.addEventListener('click', ()=> toast.classList.remove('is-open'));\r\n  }\r\n\r\n  \/\/ reCAPTCHA v3 token\r\n  async function getRecaptchaToken(){\r\n    if(!window.grecaptcha || !window.LTContact || !window.LTContact.siteKey) return '';\r\n    return await grecaptcha.execute(window.LTContact.siteKey, {action: 'contact'});\r\n  }\r\n\r\n  \/\/ Submit AJAX -> admin-ajax.php (handler PHP via WPCode)\r\n  form.addEventListener('submit', async (e)=>{\r\n    e.preventDefault();\r\n\r\n    const btn = document.getElementById('lt_submit');\r\n    btn && btn.classList.add('is-loading');\r\n\r\n    try{\r\n      const token = await getRecaptchaToken();\r\n      const rc = document.getElementById('lt_recaptcha');\r\n      if(rc) rc.value = token || '';\r\n\r\n      const fd = new FormData(form);\r\n      fd.append('action', 'lottech_contact');\r\n\r\n      const ajaxUrl = (window.LTContact && window.LTContact.ajaxUrl) ? window.LTContact.ajaxUrl : '\/wp-admin\/admin-ajax.php';\r\n\r\n      const res = await fetch(ajaxUrl, {\r\n        method: 'POST',\r\n        credentials: 'same-origin',\r\n        body: fd\r\n      });\r\n\r\n      const data = await res.json();\r\n\r\n      if(data && data.success){\r\n        form.reset();\r\n        if(ts) ts.value = String(Date.now());\r\n        setNonce();\r\n        openToast('Envoy\u00e9', 'Merci ! Nous revenons vers vous rapidement.');\r\n      }else{\r\n        const msg = (data && data.data && data.data.message) ? data.data.message : 'Erreur lors de l\u2019envoi.';\r\n        openToast('Oups', msg);\r\n      }\r\n    }catch(err){\r\n      openToast('Oups', 'Impossible d\u2019envoyer le message. R\u00e9essayez.');\r\n    }finally{\r\n      btn && btn.classList.remove('is-loading');\r\n    }\r\n  });\r\n})();\r\n<\/script>\r\n\t\t\t\t<\/div>\n\t\t\t\t<\/div>\n\t\t\t\t\t<\/div>\n\t\t<\/div>\n\t\t\t\t\t<\/div>\n\t\t<\/section>\n\t\t\t\t<\/div>","protected":false},"excerpt":{"rendered":"<p>LOTTECHNOLOGY Accueil Services Solutions Contact CONTACT Parlons de votre projet D\u00e9crivez votre besoin (machine, ligne, contr\u00f4le, vision). R\u00e9ponse rapide avec une proposition claire. Informations Nous intervenons sur site ou \u00e0 [&hellip;]<\/p>\n","protected":false},"author":1,"featured_media":0,"parent":0,"menu_order":0,"comment_status":"closed","ping_status":"closed","template":"elementor_canvas","meta":{"_price":"","_stock":"","_tribe_ticket_header":"","_tribe_default_ticket_provider":"","_tribe_ticket_capacity":"0","_ticket_start_date":"","_ticket_end_date":"","_tribe_ticket_show_description":"","_tribe_ticket_show_not_going":false,"_tribe_ticket_use_global_stock":"","_tribe_ticket_global_stock_level":"","_global_stock_mode":"","_global_stock_cap":"","_tribe_rsvp_for_event":"","_tribe_ticket_going_count":"","_tribe_ticket_not_going_count":"","_tribe_tickets_list":"[]","_tribe_ticket_has_attendee_info_fields":false,"footnotes":"","_tec_slr_enabled":"","_tec_slr_layout":""},"class_list":["post-134","page","type-page","status-publish","hentry"],"yoast_head":"<!-- This site is optimized with the Yoast SEO plugin v27.4 - https:\/\/yoast.com\/product\/yoast-seo-wordpress\/ -->\n<title>Contact - LoTTechnology<\/title>\n<meta name=\"robots\" content=\"index, follow, max-snippet:-1, max-image-preview:large, max-video-preview:-1\" \/>\n<link rel=\"canonical\" href=\"https:\/\/lottechnology.com\/en\/contact\/\" \/>\n<meta property=\"og:locale\" content=\"en_US\" \/>\n<meta property=\"og:type\" content=\"article\" \/>\n<meta property=\"og:title\" content=\"Contact - LoTTechnology\" \/>\n<meta property=\"og:description\" content=\"LOTTECHNOLOGY Accueil Services Solutions Contact CONTACT Parlons de votre projet D\u00e9crivez votre besoin (machine, ligne, contr\u00f4le, vision). R\u00e9ponse rapide avec une proposition claire. Informations Nous intervenons sur site ou \u00e0 [&hellip;]\" \/>\n<meta property=\"og:url\" content=\"https:\/\/lottechnology.com\/en\/contact\/\" \/>\n<meta property=\"og:site_name\" content=\"LoTTechnology\" \/>\n<meta property=\"article:modified_time\" content=\"2026-02-16T18:39:13+00:00\" \/>\n<meta name=\"twitter:card\" content=\"summary_large_image\" \/>\n<meta name=\"twitter:label1\" content=\"Est. reading time\" \/>\n\t<meta name=\"twitter:data1\" content=\"2 minutes\" \/>\n<script type=\"application\/ld+json\" class=\"yoast-schema-graph\">{\"@context\":\"https:\\\/\\\/schema.org\",\"@graph\":[{\"@type\":\"WebPage\",\"@id\":\"https:\\\/\\\/lottechnology.com\\\/contact\\\/\",\"url\":\"https:\\\/\\\/lottechnology.com\\\/contact\\\/\",\"name\":\"Contact - LoTTechnology\",\"isPartOf\":{\"@id\":\"https:\\\/\\\/lottechnology.com\\\/#website\"},\"datePublished\":\"2022-08-30T05:32:42+00:00\",\"dateModified\":\"2026-02-16T18:39:13+00:00\",\"breadcrumb\":{\"@id\":\"https:\\\/\\\/lottechnology.com\\\/contact\\\/#breadcrumb\"},\"inLanguage\":\"en-US\",\"potentialAction\":[{\"@type\":\"ReadAction\",\"target\":[\"https:\\\/\\\/lottechnology.com\\\/contact\\\/\"]}]},{\"@type\":\"BreadcrumbList\",\"@id\":\"https:\\\/\\\/lottechnology.com\\\/contact\\\/#breadcrumb\",\"itemListElement\":[{\"@type\":\"ListItem\",\"position\":1,\"name\":\"Accueil\",\"item\":\"https:\\\/\\\/lottechnology.com\\\/\"},{\"@type\":\"ListItem\",\"position\":2,\"name\":\"Contact\"}]},{\"@type\":\"WebSite\",\"@id\":\"https:\\\/\\\/lottechnology.com\\\/#website\",\"url\":\"https:\\\/\\\/lottechnology.com\\\/\",\"name\":\"LoTTechnology\",\"description\":\"Innovation pour l&#039;industrie\",\"publisher\":{\"@id\":\"https:\\\/\\\/lottechnology.com\\\/#organization\"},\"potentialAction\":[{\"@type\":\"SearchAction\",\"target\":{\"@type\":\"EntryPoint\",\"urlTemplate\":\"https:\\\/\\\/lottechnology.com\\\/?s={search_term_string}\"},\"query-input\":{\"@type\":\"PropertyValueSpecification\",\"valueRequired\":true,\"valueName\":\"search_term_string\"}}],\"inLanguage\":\"en-US\"},{\"@type\":\"Organization\",\"@id\":\"https:\\\/\\\/lottechnology.com\\\/#organization\",\"name\":\"LoTTechnology\",\"url\":\"https:\\\/\\\/lottechnology.com\\\/\",\"logo\":{\"@type\":\"ImageObject\",\"inLanguage\":\"en-US\",\"@id\":\"https:\\\/\\\/lottechnology.com\\\/#\\\/schema\\\/logo\\\/image\\\/\",\"url\":\"https:\\/\\/lottechnology.com\\/wp-content\\/uploads\\/2022\\/08\\/LoTTechnology2.png\",\"contentUrl\":\"https:\\/\\/lottechnology.com\\/wp-content\\/uploads\\/2022\\/08\\/LoTTechnology2.png\",\"width\":2472,\"height\":3029,\"caption\":\"LoTTechnology\"},\"image\":{\"@id\":\"https:\\\/\\\/lottechnology.com\\\/#\\\/schema\\\/logo\\\/image\\\/\"}}]}<\/script>\n<!-- \/ Yoast SEO plugin. -->","yoast_head_json":{"title":"Contact - LoTTechnology","robots":{"index":"index","follow":"follow","max-snippet":"max-snippet:-1","max-image-preview":"max-image-preview:large","max-video-preview":"max-video-preview:-1"},"canonical":"https:\/\/lottechnology.com\/en\/contact\/","og_locale":"en_US","og_type":"article","og_title":"Contact - LoTTechnology","og_description":"LOTTECHNOLOGY Accueil Services Solutions Contact CONTACT Parlons de votre projet D\u00e9crivez votre besoin (machine, ligne, contr\u00f4le, vision). R\u00e9ponse rapide avec une proposition claire. Informations Nous intervenons sur site ou \u00e0 [&hellip;]","og_url":"https:\/\/lottechnology.com\/en\/contact\/","og_site_name":"LoTTechnology","article_modified_time":"2026-02-16T18:39:13+00:00","twitter_card":"summary_large_image","twitter_misc":{"Est. reading time":"2 minutes"},"schema":{"@context":"https:\/\/schema.org","@graph":[{"@type":"WebPage","@id":"https:\/\/lottechnology.com\/contact\/","url":"https:\/\/lottechnology.com\/contact\/","name":"Contact - LoTTechnology","isPartOf":{"@id":"https:\/\/lottechnology.com\/#website"},"datePublished":"2022-08-30T05:32:42+00:00","dateModified":"2026-02-16T18:39:13+00:00","breadcrumb":{"@id":"https:\/\/lottechnology.com\/contact\/#breadcrumb"},"inLanguage":"en-US","potentialAction":[{"@type":"ReadAction","target":["https:\/\/lottechnology.com\/contact\/"]}]},{"@type":"BreadcrumbList","@id":"https:\/\/lottechnology.com\/contact\/#breadcrumb","itemListElement":[{"@type":"ListItem","position":1,"name":"Accueil","item":"https:\/\/lottechnology.com\/"},{"@type":"ListItem","position":2,"name":"Contact"}]},{"@type":"WebSite","@id":"https:\/\/lottechnology.com\/#website","url":"https:\/\/lottechnology.com\/","name":"LoTTechnology","description":"Innovation for industry","publisher":{"@id":"https:\/\/lottechnology.com\/#organization"},"potentialAction":[{"@type":"SearchAction","target":{"@type":"EntryPoint","urlTemplate":"https:\/\/lottechnology.com\/?s={search_term_string}"},"query-input":{"@type":"PropertyValueSpecification","valueRequired":true,"valueName":"search_term_string"}}],"inLanguage":"en-US"},{"@type":"Organization","@id":"https:\/\/lottechnology.com\/#organization","name":"LoTTechnology","url":"https:\/\/lottechnology.com\/","logo":{"@type":"ImageObject","inLanguage":"en-US","@id":"https:\/\/lottechnology.com\/#\/schema\/logo\/image\/","url":"https:\/\/mlzccitntbtf.i.optimole.com\/w:auto\/h:auto\/q:mauto\/ig:avif\/https:\/\/lottechnology.com\/wp-content\/uploads\/2022\/08\/LoTTechnology2.png","contentUrl":"https:\/\/mlzccitntbtf.i.optimole.com\/w:auto\/h:auto\/q:mauto\/ig:avif\/https:\/\/lottechnology.com\/wp-content\/uploads\/2022\/08\/LoTTechnology2.png","width":2472,"height":3029,"caption":"LoTTechnology"},"image":{"@id":"https:\/\/lottechnology.com\/#\/schema\/logo\/image\/"}}]}},"ticketed":false,"_links":{"self":[{"href":"https:\/\/lottechnology.com\/en\/wp-json\/wp\/v2\/pages\/134","targetHints":{"allow":["GET"]}}],"collection":[{"href":"https:\/\/lottechnology.com\/en\/wp-json\/wp\/v2\/pages"}],"about":[{"href":"https:\/\/lottechnology.com\/en\/wp-json\/wp\/v2\/types\/page"}],"author":[{"embeddable":true,"href":"https:\/\/lottechnology.com\/en\/wp-json\/wp\/v2\/users\/1"}],"replies":[{"embeddable":true,"href":"https:\/\/lottechnology.com\/en\/wp-json\/wp\/v2\/comments?post=134"}],"version-history":[{"count":132,"href":"https:\/\/lottechnology.com\/en\/wp-json\/wp\/v2\/pages\/134\/revisions"}],"predecessor-version":[{"id":988,"href":"https:\/\/lottechnology.com\/en\/wp-json\/wp\/v2\/pages\/134\/revisions\/988"}],"wp:attachment":[{"href":"https:\/\/lottechnology.com\/en\/wp-json\/wp\/v2\/media?parent=134"}],"curies":[{"name":"wp","href":"https:\/\/api.w.org\/{rel}","templated":true}]}}